{"id":11740,"date":"2018-12-21T09:51:40","date_gmt":"2018-12-21T09:51:40","guid":{"rendered":"https:\/\/panificiocuti.com\/privacy-e-cookie-policy\/"},"modified":"2021-01-18T17:41:31","modified_gmt":"2021-01-18T17:41:31","slug":"privacy-e-cookie-policy","status":"publish","type":"page","link":"https:\/\/panificiocuti.com\/en\/privacy-e-cookie-policy\/","title":{"rendered":"Privacy and cookie policy"},"content":{"rendered":"<p><strong>PROTEZIONE DEI DATI PERSONALI e COOKIES<\/strong><\/p>\n<p><strong>Informativa sul trattamento dei dati personali &#8211; D.Lgs. 196\/2003 (Privacy Policy)<\/strong><\/p>\n<p>Gentile Signore\/a, desideriamo informarLa che, ai sensi dell\u2019art. 13 del D.Lgs. n. 196\/2003, CUTI Soc. Coop. \u2013 Panificio di Cuti\u00ae tratter\u00e0 i dati personali da Lei forniti in conformit\u00e0 alla normativa applicabile in materia. Il conferimento dei dati che Le vengono richiesti \u00e8 facoltativo, ma un Suo eventuale rifiuto comporter\u00e0 l\u2019impossibilit\u00e0 di effettuare il servizio.<\/p>\n<p>Il Titolare del trattamento dei dati personali \u00e8 il proprietario del sito della CUTI Soc. Coop. \u2013 Panificio di Cuti\u00ae, con sede legale in via Raffaele Nicoletti, 5 &#8211; 87054 Rogliano (CS) &#8211; Italia, che elabora i Suoi dati personali sia direttamente sia avvalendosi dell\u2019opera di altri soggetti che agiscono in veste di Responsabili, interni o eventualmente esterni alla propria struttura, oppure in veste di Incaricati. In ogni caso, i Suoi dati personali non verranno venduti e\/o comunicati.<\/p>\n<p><strong>Scopo.<\/strong><br \/>\nQuesta informativa sulla Privacy riguarda informazioni tra cui le informazioni personali raccolte da CUTI Soc. Coop. \u2013 Panificio di Cuti\u00ae<\/p>\n<p><strong>Le informazioni che raccogliamo.<\/strong><\/p>\n<p>Raccogliamo le vostre informazioni da numerose fonti, tra cui:<\/p>\n<ul>\n<li>Informazioni che raccogliamo da voi direttamente.<\/li>\n<li>Informazioni personali che raccogliamo quando visitate il nostro sito, utilizzate i nostri servizi o guardate le nostre pubblicit\u00e0 on line.<\/li>\n<li>Informazioni personali che raccogliamo da altre fonti, come le fonti disponibili per scopi commerciali.<\/li>\n<\/ul>\n<p>Tutte le informazioni personali che raccogliamo su di voi sono messe insieme per aiutarci a creare una comunicazione fatta su misura per voi e per sviluppare prodotti e servizi di alta qualit\u00e0. Condivisione delle informazioni. Utilizziamo le informazioni raccolte per fornirvi i prodotti e i servizi che richiedete, per aggiornarvi sugli altri prodotti e servizi offerti da CUTI Soc. Coop. \u2013 Panificio di Cuti\u00ae e per gestire i nostri siti web e servizi. In generale, non condividiamo le vostre informazioni personali con venditori terzi, a meno che non ci venga dato il vostro esplicito consenso.<\/p>\n<p>In questo caso potremmo condividere le vostre informazioni:<\/p>\n<ul>\n<li>Con i nostri fornitori di servizi terzi, tra cui coloro che lavorano per conto della CUTI Soc. Coop. \u2013 Panificio di Cuti\u00ae e i nostri partner commerciali per inviarvi comunicazioni congiunte che riteniamo possano incontrare il vostro interesse.<\/li>\n<li>Per tutelare e difendere i diritti e la propriet\u00e0 di CUTI Soc. Coop. \u2013 Panificio di Cuti\u00ae (inclusa l\u2019applicazione delle nostre Condizioni generali di vendita).<\/li>\n<li>Quando richiesto dalla legge e\/o dalle pubbliche autorit\u00e0.<\/li>\n<\/ul>\n<p>Si ricorda, inoltre, che i cookies registrano alcune informazioni contenute nella memoria del disco rigido del computer dei Clienti. Tali informazioni vengono usate per creare statistiche relative al numero di visite del sito e per proporre offerte personalizzate, basate sugli articoli gi\u00e0 selezionati dal Cliente nel corso delle sue visite precedenti. Una finestra d\u2019avviso richieder\u00e0, anticipatamente, se il Cliente desideri o meno accettare tali cookies.<\/p>\n<p><u>Si ricorda che tali cookies non contengono informazioni confidenziali del Cliente.<\/u><\/p>\n<p><strong>Le vostre scelte.<\/strong><\/p>\n<p>In ogni momento potr\u00e0 esercitare i Suoi diritti nei confronti del Titolare del trattamento ai sensi dell\u2019art. 7 del D.Lgs.n.196\/2003, ed in particolare:<\/p>\n<ol>\n<li>a) ha diritto di ottenere la conferma dell\u2019esistenza dei dati, la comunicazione degli stessi e la loro origine;<br \/>\nb) il nominativo del Titolare, dei Responsabili e dei soggetti o categorie ai quali possono essere comunicati o che possono venire a conoscenza in qualit\u00e0 di responsabili o incaricati;<\/li>\n<li>c) l\u2019aggiornamento, la rettificazione o l\u2019integrazione dei dati;<\/li>\n<li>d) la cancellazione, la trasformazione in forma anonima od il blocco dei dati trattati in violazione di legge;<br \/>\ne) l\u2019attestazione che le operazioni di cui alle lettere c) e d) sono state portate a conoscenza, anche per quanto riguarda il loro contenuto, di coloro ai quali i dati sono stati comunicati o diffusi, eccettuato il caso in cui tale adempimento si rivela impossibile o comporta un impiego di mezzi manifestamente sproporzionato rispetto al diritto tutelato;<\/li>\n<li>f) ha diritto di opporsi al trattamento dei dati personali che la riguardano, ancorch\u00e9 pertinenti allo scopo della raccolta ed al trattamento dei dati personali che la riguardano ai fini di invio di materiale pubblicitario o di vendita diretta o per il compimento di ricerche di mercato o di comunicazione commerciale.<\/li>\n<\/ol>\n<p>Pu\u00f2 richiedere in qualsiasi momento di accedere ai dati personali, correggerli, integrarli e bloccarne il trattamento od opporsi al loro utilizzo inviando un messaggio a: info@panificiocuti.com<\/p>\n<p><strong>Condizioni generali di vendita.<\/strong><\/p>\n<p>L\u2019accesso al sito https:\/\/panificiocuti.com \u00e8 subordinato all\u2019accettazione delle CONDIZIONI GENERALI DI VENDITA. L\u2019accesso e l\u2019utilizzo del presente sito costituiscono adesione implicita ad esse.<\/p>\n<p>CUTI Soc. Coop. \u2013 Panificio di Cuti\u00ae si riserva il diritto di modificare i termini e le condizioni generali di vendita di questo sito in qualsiasi momento. Ciascun utilizzatore del presente sito si impegna a visionarli regolarmente.<\/p>\n<p><strong>Uso del sito.<\/strong><\/p>\n<p>Il sito https:\/\/panificiocuti.com \u00e8 destinato esclusivamente ad un uso personale e non commerciale.<br \/>\nE\u2019 vietato qualunque uso commerciale, la riproduzione e divulgazione, anche parziale, attraverso reti informatiche o qualunque altro sistema di comunicazione, dei documenti di questo sito (testi, sfondo, soluzioni grafiche), nonch\u00e9 la modifica di qualunque parte del presente sito.<\/p>\n<p><strong>Propriet\u00e0 intellettuale.<\/strong><\/p>\n<p>Il design, la configurazione, i loghi, la grafica, le immagini e i suoni nonch\u00e9 gli elementi tutti del sito sono, in base alla legge e ad accordi commerciali, di propriet\u00e0 della CUTI Soc. Coop. \u2013 Panificio di Cuti\u00ae e non \u00e8 consentito copiarli o imitarli, neppure parzialmente.<\/p>\n<p><u>Ogni utilizzazione non autorizzata o comunque contraria alla legge sar\u00e0 perseguita dalla CUTI Soc. Coop. \u2013 Panificio di Cuti\u00ae in sede civile e penale.<\/u><\/p>\n<p><strong>Errori tipografici ed inesattezze.<\/strong><\/p>\n<p>Tutte le notizie contenute nel sito non sono da considerare n\u00e9 possono essere utilizzati quali documenti e\/o dichiarazioni ufficiali della CUTI Soc. Coop. \u2013 Panificio di Cuti\u00ae ma mere informazioni orientative di cui, pertanto, la societ\u00e0 non garantisce l\u2019accuratezza e la completezza.<\/p>\n<p>CUTI Soc. Coop. \u2013 Panificio di Cuti\u00ae non pu\u00f2 sottoporre a controllo tutto il materiale fornito dagli utilizzatori attraverso l\u2019accesso al sito.<\/p>\n<p>CUTI Soc. Coop. \u2013 Panificio di Cuti\u00ae non \u00e8 dunque responsabile per il contenuto di questo materiale, e si riserva il diritto di rimuovere dal sito qualunque materiale da lei considerato osceno, diffamatorio, offensivo, o in ogni caso inaccettabile. CUTI Soc. Coop. \u2013 Panificio di Cuti\u00ae non si assume alcuna responsabilit\u00e0 per danni di qualunque tipo che possano derivare a terzi per effetto dell\u2019utilizzazione, anche se autorizzata, di quanto contenuto nel sito, anche qualora CUTI Soc. Coop. \u2013 Panificio di Cuti\u00ae fosse stata a conoscenza di eventuali inesattezze o fosse stata in grado di intervenire per correggerle.<\/p>\n<p>CUTI Soc. Coop. \u2013 Panificio di Cuti\u00ae non garantisce che il sito sia privo di virus o di altre componenti potenzialmente dannose per i sistemi informatici.<\/p>\n<p><strong>Siti collegati.<\/strong><\/p>\n<p>I siti collegati, diversi da quelli riferiti alle proprie affiliate, non vengono controllati da CUTI Soc. Coop. \u2013 Panificio di Cuti\u00ae che, pertanto, non \u00e8 in alcun modo responsabile per il contenuto del sito collegato o per l\u2019indirizzo di collegamento. I siti collegati di societ\u00e0 affiliate a CUTI Soc. Coop. \u2013 Panificio di Cuti\u00ae adottano pratiche di trattamento e di raccolta di dati personali proprie ed indipendenti, alle quali si rimanda esplicitamente. CUTI Soc. Coop. \u2013 Panificio di Cuti\u00ae non si assume responsabilit\u00e0 alcuna per il contenuto di tali siti e per quanto disposto nelle relative informative sulla privacy.<\/p>\n<p>CUTI Soc. Coop. \u2013 Panificio di Cuti\u00ae non si assume responsabilit\u00e0 in relazione a contenuti del presente sito o a siti ad esso collegati che possano essere inadatti all\u2019uso da parte di bambini.<\/p>\n<p><strong>Messaggi pubblicitari.<\/strong><\/p>\n<p>Ogni messaggio pubblicitario o dichiarazione relativa all\u2019efficacia dei prodotti esposti nel sito https:\/\/panificiocuti.com \u00e8 espressamente limitata al mercato italiano.<\/p>\n<p><strong>Violazione delle condizioni generali di vendita.<\/strong><\/p>\n<p>L\u2019utilizzatore del presente sito sar\u00e0 ritenuto direttamente responsabile per qualunque danno derivante dalla violazione dei presenti termini e delle condizioni generali di vendita e si impegna a mantenere indenne CUTI Soc. Coop. \u2013 Panificio di Cuti\u00ae da qualsiasi danno, costo e spesa conseguente al mancato rispetto di essi.<\/p>\n<p><strong>Legge applicabile.<\/strong><\/p>\n<p>L\u2019uso del sito https:\/\/panificiocuti.com \u00e8 regolato dalle disposizioni di legge italiana applicabili.<\/p>\n<p><strong>Normativa sui cookies.<\/strong><\/p>\n<p>Il presente sito fa uso di cookies, piccoli file di testo che consentono di conservare informazioni sulle preferenze dei visitatori, per migliorare le funzionalit\u00e0 del sito, per semplificarne la navigazione automatizzando le procedure e per l\u2019analisi dell\u2019uso del sito.<\/p>\n<p>I cookie di sessione sono essenziali per poter distinguere tra gli utenti collegati, e sono utili per evitare che una funzionalit\u00e0 richiesta possa essere fornita all\u2019utente sbagliato, nonch\u00e9 a fini di sicurezza per impedire attacchi informatici al sito. I cookie di sessione non contengono dati personali e durano per la sola sessione in corso, cio\u00e8 fino alla chiusura del browser. Per essi non occorre consenso.<\/p>\n<p>I cookie di funzionalit\u00e0 utilizzati dal sito sono strettamente necessari per l\u2019uso del sito, in particolare sono collegati ad una espressa richiesta di funzionalit\u00e0 da parte dell\u2019utente (come il login), per i quali non occorre alcun consenso.<\/p>\n<p><u>Utilizzando il sito il visitatore acconsente espressamente all\u2019uso dei cookies.<\/u><\/p>\n<p><strong>Disabilitazione cookie.<\/strong><\/p>\n<p>I cookies sono collegati al browser utilizzato e possono essere disabilitati direttamente tramite il browser, cos\u00ec rifiutando\/revocando il consenso all\u2019uso dei cookies. Occorre tenere presente che la disabilitazione dei cookies potrebbe impedire il corretto utilizzo di alcune funzioni del sito stesso.<\/p>\n<p>Le istruzioni per la disabilitazione dei cookies si trovano alle seguenti pagine web:<br \/>\nGoogle Chrome: http:\/\/support.google.com\/chrome\/bin\/answer.py?hl=it&amp;answer=95647<\/p>\n<p>Mozilla Firefox: http:\/\/support.mozilla.org\/it\/kb\/Attivare%20e%20disattivare%20i%20cookie<\/p>\n<p>Windows Internet Explorer: http:\/\/windows.microsoft.com\/it-IT\/windows7\/Block-enable-or-allow-cookies<\/p>\n<p>Opera: http:\/\/help.opera.com\/Windows\/10.00\/it\/cookies.html<\/p>\n<p>Apple Safari: https:\/\/support.apple.com\/it-it\/HT201265<\/p>\n<p><strong>Cookies di terze parti.<\/strong><\/p>\n<p>Il presente sito funge anche da intermediario per cookies di terze parti, utilizzati per poter fornire ulteriori servizi e funzionalit\u00e0 ai visitatori e per migliorare l\u2019uso del sito stesso, come i pulsanti per i social. La presente privacy policy non si applica ai servizi forniti da terze parti, e questo sito non ha alcun controllo sui loro cookies, interamente gestiti dalle terze parti. Il contratto di cessione dati avviene direttamente tra l\u2019utente\/visitatore e le terze parti, per cui l\u2019acquisizione del consenso per detti cookie \u00e8, ovviamente, a carico delle terze parti, mentre questo sito non partecipa in alcun modo a tale cessione. In conseguenza di ci\u00f2 le informazioni sull\u2019uso dei detti cookies e sulle finalit\u00e0 degli stessi, nonch\u00e9 sulle modalit\u00e0 per l\u2019eventuale disabilitazione, sono fornite direttamente dalle terze parti alle pagine qui sotto indicate.<\/p>\n<p>In particolare il presente sito utilizza cookies delle seguenti terze parti:<\/p>\n<p>\u2013 Google (Google Analytics cookie): Google Analytics \u00e8 uno strumento di analisi di Google che attraverso l\u2019uso di cookies (performance cookies), raccoglie dati di navigazione anonimi allo scopo di esaminare l\u2019uso del sito da parte degli utenti, compilare report sulle attivit\u00e0 nel sito e fornire altre informazioni, compreso il numero dei visitatori e le pagine visitate. Google pu\u00f2 anche trasferire queste informazioni a terzi ove ci\u00f2 sia imposto dalla legge o laddove tali terzi trattino le suddette informazioni per conto di Google. I cookie di Google Analytics possono essere usati altres\u00ec per mostrare risultati pi\u00f9 pertinenti nelle propriet\u00e0 di Google (come la ricerca Google). Google non assocer\u00e0 l\u2019indirizzo IP a nessun altro dato posseduto da Google. I dati trasmessi a Google sono depositati presso i server di Google negli Stati Uniti.<\/p>\n<p>\u2013 Google (YouTube cookie). YouTube \u00e8 una piattaforma di propriet\u00e0 di Google, per la condivisione di video, che utilizza cookie per raccogliere informazioni degli utenti e dei dispositivi di navigazione. Per ulteriori informazioni sull\u2019uso dei dati e sul loro trattamento da parte di Google si raccomanda di prendere visione delle informazioni al seguente indirizzo Internet: http:\/\/www.google.com\/intl\/it\/policies\/privacy\/.<\/p>\n<p>\u2013 Facebook: https:\/\/www.facebook.com\/about\/privacy\/<\/p>\n<p>\u2013 Twitter: https:\/\/twitter.com\/privacy?lang=it<\/p>\n<p>\u2013 Google+: http:\/\/www.google.com\/intl\/it\/policies\/privacy\/<\/p>\n<p>\u2013 Instagram: https:\/\/help.instagram.com\/402411646841720<\/p>\n<p><strong>Trasferimento di dati in paesi extra UE.<\/strong><\/p>\n<p>Il presente sito potrebbe condividere alcuni dei dati raccolti con servizi localizzati al di fuori dell\u2019area dell\u2019Unione Europea. Il trasferimento \u00e8 autorizzato in base a specifiche decisioni dell\u2019Unione Europea e del Garante per la tutela dei dati personali http:\/\/www.garanteprivacy.it\/home\/provvedimenti-normativa\/normativa\/normativa-comunitaria-e-intenazionale\/trasferimento-dei-dati-verso-paesi-terzi, per cui non occorre ulteriore consenso.<\/p>\n<p><strong>Misure di sicurezza.<\/strong><\/p>\n<p>Il presente sito tratta i dati degli utenti in maniera lecita e corretta, adottando le opportune misure di sicurezza volte ad impedire accessi non autorizzati, divulgazione, modifica o distruzione non autorizzata dei dati. Il trattamento viene effettuato mediante strumenti informatici e\/o telematici, con modalit\u00e0 organizzative e con logiche strettamente correlate alle finalit\u00e0 indicate. Oltre al titolare, in alcuni casi, potrebbero avere accesso ai dati categorie di incaricati coinvolti nell\u2019organizzazione del sito (personale amministrativo, commerciale, marketing, legali, amministratori di sistema) ovvero soggetti esterni (come fornitori di servizi tecnici terzi, corrieri postali, hosting provider, societ\u00e0 informatiche, agenzie di comunicazione).<\/p>\n<p><strong>Diritti dell\u2019utente.<\/strong><\/p>\n<p>In ogni momento potr\u00e0 richiedere informazioni sul trattamento dei Suoi dati personali, ottenere l\u2019aggiornamento, la rettifica o integrazione degli stessi, nonch\u00e9 ottenere la cancellazione, la trasformazione in forma anonima o il blocco dei dati trattati in violazione di legge e opporsi al trattamento dei Tuoi secondo quanto previsto dall\u2019art. 7 del D.Lgs. 196\/2003.<\/p>\n<p><u>\u00a0<\/u><\/p>\n<p><u>L\u2019interessato dichiara di aver letto l\u2019informativa, sopra riportata, sul trattamento dei dati personali e di prestare il suo consenso al loro trattamento; pertanto, accetta espressamente la registrazione ed il trattamento dei propri dati, nelle modalit\u00e0 sopra indicate.<\/u><\/p>\n","protected":false},"excerpt":{"rendered":"<p>PROTEZIONE DEI DATI PERSONALI e COOKIES Informativa sul trattamento dei dati personali &#8211; D.Lgs. 196\/2003 (Privacy Policy) Gentile Signore\/a, desideriamo informarLa che, ai sensi dell\u2019art. 13 del D.Lgs. n. 196\/2003, CUTI Soc. Coop. \u2013 Panificio di Cuti\u00ae tratter\u00e0 i dati [&hellip;]<\/p>\n","protected":false},"author":1,"featured_media":0,"parent":0,"menu_order":0,"comment_status":"closed","ping_status":"closed","template":"","meta":{"footnotes":""},"yoast_head":"<!-- This site is optimized with the Yoast SEO plugin v23.1 - https:\/\/yoast.com\/wordpress\/plugins\/seo\/ -->\n<title>Privacy and cookie policy - Panificio Cuti<\/title>\n<meta name=\"robots\" content=\"index, follow, max-snippet:-1, max-image-preview:large, max-video-preview:-1\" \/>\n<link rel=\"canonical\" href=\"https:\/\/panificiocuti.com\/en\/privacy-e-cookie-policy\/\" \/>\n<meta property=\"og:locale\" content=\"en_US\" \/>\n<meta property=\"og:type\" content=\"article\" \/>\n<meta property=\"og:title\" content=\"Privacy and cookie policy - Panificio Cuti\" \/>\n<meta property=\"og:description\" content=\"PROTEZIONE DEI DATI PERSONALI e COOKIES Informativa sul trattamento dei dati personali &#8211; D.Lgs. 196\/2003 (Privacy Policy) Gentile Signore\/a, desideriamo informarLa che, ai sensi dell\u2019art. 13 del D.Lgs. n. 196\/2003, CUTI Soc. Coop. \u2013 Panificio di Cuti\u00ae tratter\u00e0 i dati [&hellip;]\" \/>\n<meta property=\"og:url\" content=\"https:\/\/panificiocuti.com\/en\/privacy-e-cookie-policy\/\" \/>\n<meta property=\"og:site_name\" content=\"Panificio Cuti\" \/>\n<meta property=\"article:publisher\" content=\"https:\/\/www.facebook.com\/panificiocuti\" \/>\n<meta property=\"article:modified_time\" content=\"2021-01-18T17:41:31+00:00\" \/>\n<meta name=\"twitter:card\" content=\"summary_large_image\" \/>\n<meta name=\"twitter:label1\" content=\"Est. reading time\" \/>\n\t<meta name=\"twitter:data1\" content=\"11 minutes\" \/>\n<script type=\"application\/ld+json\" class=\"yoast-schema-graph\">{\"@context\":\"https:\/\/schema.org\",\"@graph\":[{\"@type\":\"WebPage\",\"@id\":\"https:\/\/panificiocuti.com\/en\/privacy-e-cookie-policy\/\",\"url\":\"https:\/\/panificiocuti.com\/en\/privacy-e-cookie-policy\/\",\"name\":\"Privacy and cookie policy - Panificio Cuti\",\"isPartOf\":{\"@id\":\"https:\/\/panificiocuti.com\/#website\"},\"datePublished\":\"2018-12-21T09:51:40+00:00\",\"dateModified\":\"2021-01-18T17:41:31+00:00\",\"breadcrumb\":{\"@id\":\"https:\/\/panificiocuti.com\/en\/privacy-e-cookie-policy\/#breadcrumb\"},\"inLanguage\":\"en-US\",\"potentialAction\":[{\"@type\":\"ReadAction\",\"target\":[\"https:\/\/panificiocuti.com\/en\/privacy-e-cookie-policy\/\"]}]},{\"@type\":\"BreadcrumbList\",\"@id\":\"https:\/\/panificiocuti.com\/en\/privacy-e-cookie-policy\/#breadcrumb\",\"itemListElement\":[{\"@type\":\"ListItem\",\"position\":1,\"name\":\"Home\",\"item\":\"https:\/\/panificiocuti.com\/en\/\"},{\"@type\":\"ListItem\",\"position\":2,\"name\":\"Privacy and cookie policy\"}]},{\"@type\":\"WebSite\",\"@id\":\"https:\/\/panificiocuti.com\/#website\",\"url\":\"https:\/\/panificiocuti.com\/\",\"name\":\"Panificio Cuti\",\"description\":\"Il rinomato pane di Rogliano\",\"publisher\":{\"@id\":\"https:\/\/panificiocuti.com\/#organization\"},\"potentialAction\":[{\"@type\":\"SearchAction\",\"target\":{\"@type\":\"EntryPoint\",\"urlTemplate\":\"https:\/\/panificiocuti.com\/?s={search_term_string}\"},\"query-input\":\"required name=search_term_string\"}],\"inLanguage\":\"en-US\"},{\"@type\":\"Organization\",\"@id\":\"https:\/\/panificiocuti.com\/#organization\",\"name\":\"Panificio Cuti\",\"url\":\"https:\/\/panificiocuti.com\/\",\"logo\":{\"@type\":\"ImageObject\",\"inLanguage\":\"en-US\",\"@id\":\"https:\/\/panificiocuti.com\/#\/schema\/logo\/image\/\",\"url\":\"https:\/\/panificiocuti.com\/wp-content\/uploads\/2019\/03\/avatar-pagina.png\",\"contentUrl\":\"https:\/\/panificiocuti.com\/wp-content\/uploads\/2019\/03\/avatar-pagina.png\",\"width\":1200,\"height\":1200,\"caption\":\"Panificio Cuti\"},\"image\":{\"@id\":\"https:\/\/panificiocuti.com\/#\/schema\/logo\/image\/\"},\"sameAs\":[\"https:\/\/www.facebook.com\/panificiocuti\",\"https:\/\/www.instagram.com\/panificiocuti\/\",\"https:\/\/www.linkedin.com\/company\/gruppo-cuti\/\"]}]}<\/script>\n<!-- \/ Yoast SEO plugin. -->","yoast_head_json":{"title":"Privacy and cookie policy - Panificio Cuti","robots":{"index":"index","follow":"follow","max-snippet":"max-snippet:-1","max-image-preview":"max-image-preview:large","max-video-preview":"max-video-preview:-1"},"canonical":"https:\/\/panificiocuti.com\/en\/privacy-e-cookie-policy\/","og_locale":"en_US","og_type":"article","og_title":"Privacy and cookie policy - Panificio Cuti","og_description":"PROTEZIONE DEI DATI PERSONALI e COOKIES Informativa sul trattamento dei dati personali &#8211; D.Lgs. 196\/2003 (Privacy Policy) Gentile Signore\/a, desideriamo informarLa che, ai sensi dell\u2019art. 13 del D.Lgs. n. 196\/2003, CUTI Soc. Coop. \u2013 Panificio di Cuti\u00ae tratter\u00e0 i dati [&hellip;]","og_url":"https:\/\/panificiocuti.com\/en\/privacy-e-cookie-policy\/","og_site_name":"Panificio Cuti","article_publisher":"https:\/\/www.facebook.com\/panificiocuti","article_modified_time":"2021-01-18T17:41:31+00:00","twitter_card":"summary_large_image","twitter_misc":{"Est. reading time":"11 minutes"},"schema":{"@context":"https:\/\/schema.org","@graph":[{"@type":"WebPage","@id":"https:\/\/panificiocuti.com\/en\/privacy-e-cookie-policy\/","url":"https:\/\/panificiocuti.com\/en\/privacy-e-cookie-policy\/","name":"Privacy and cookie policy - Panificio Cuti","isPartOf":{"@id":"https:\/\/panificiocuti.com\/#website"},"datePublished":"2018-12-21T09:51:40+00:00","dateModified":"2021-01-18T17:41:31+00:00","breadcrumb":{"@id":"https:\/\/panificiocuti.com\/en\/privacy-e-cookie-policy\/#breadcrumb"},"inLanguage":"en-US","potentialAction":[{"@type":"ReadAction","target":["https:\/\/panificiocuti.com\/en\/privacy-e-cookie-policy\/"]}]},{"@type":"BreadcrumbList","@id":"https:\/\/panificiocuti.com\/en\/privacy-e-cookie-policy\/#breadcrumb","itemListElement":[{"@type":"ListItem","position":1,"name":"Home","item":"https:\/\/panificiocuti.com\/en\/"},{"@type":"ListItem","position":2,"name":"Privacy and cookie policy"}]},{"@type":"WebSite","@id":"https:\/\/panificiocuti.com\/#website","url":"https:\/\/panificiocuti.com\/","name":"Panificio Cuti","description":"Il rinomato pane di Rogliano","publisher":{"@id":"https:\/\/panificiocuti.com\/#organization"},"potentialAction":[{"@type":"SearchAction","target":{"@type":"EntryPoint","urlTemplate":"https:\/\/panificiocuti.com\/?s={search_term_string}"},"query-input":"required name=search_term_string"}],"inLanguage":"en-US"},{"@type":"Organization","@id":"https:\/\/panificiocuti.com\/#organization","name":"Panificio Cuti","url":"https:\/\/panificiocuti.com\/","logo":{"@type":"ImageObject","inLanguage":"en-US","@id":"https:\/\/panificiocuti.com\/#\/schema\/logo\/image\/","url":"https:\/\/panificiocuti.com\/wp-content\/uploads\/2019\/03\/avatar-pagina.png","contentUrl":"https:\/\/panificiocuti.com\/wp-content\/uploads\/2019\/03\/avatar-pagina.png","width":1200,"height":1200,"caption":"Panificio Cuti"},"image":{"@id":"https:\/\/panificiocuti.com\/#\/schema\/logo\/image\/"},"sameAs":["https:\/\/www.facebook.com\/panificiocuti","https:\/\/www.instagram.com\/panificiocuti\/","https:\/\/www.linkedin.com\/company\/gruppo-cuti\/"]}]}},"_links":{"self":[{"href":"https:\/\/panificiocuti.com\/en\/wp-json\/wp\/v2\/pages\/11740"}],"collection":[{"href":"https:\/\/panificiocuti.com\/en\/wp-json\/wp\/v2\/pages"}],"about":[{"href":"https:\/\/panificiocuti.com\/en\/wp-json\/wp\/v2\/types\/page"}],"author":[{"embeddable":true,"href":"https:\/\/panificiocuti.com\/en\/wp-json\/wp\/v2\/users\/1"}],"replies":[{"embeddable":true,"href":"https:\/\/panificiocuti.com\/en\/wp-json\/wp\/v2\/comments?post=11740"}],"version-history":[{"count":3,"href":"https:\/\/panificiocuti.com\/en\/wp-json\/wp\/v2\/pages\/11740\/revisions"}],"predecessor-version":[{"id":12789,"href":"https:\/\/panificiocuti.com\/en\/wp-json\/wp\/v2\/pages\/11740\/revisions\/12789"}],"wp:attachment":[{"href":"https:\/\/panificiocuti.com\/en\/wp-json\/wp\/v2\/media?parent=11740"}],"curies":[{"name":"wp","href":"https:\/\/api.w.org\/{rel}","templated":true}]}}