{"id":11748,"date":"2018-12-21T09:53:44","date_gmt":"2018-12-21T09:53:44","guid":{"rendered":"https:\/\/panificiocuti.com\/shipping-and-payment\/"},"modified":"2021-01-18T17:42:31","modified_gmt":"2021-01-18T17:42:31","slug":"shipping-and-payment","status":"publish","type":"page","link":"https:\/\/panificiocuti.com\/en\/shipping-and-payment\/","title":{"rendered":"Shipping and payment"},"content":{"rendered":"<section class=\"wpb-content-wrapper\"><p>[vc_row css=&#8221;.vc_custom_1551797816971{padding-top: 50px !important;padding-bottom: 100px !important;}&#8221;][vc_column][vc_column_text]<strong>MODALITA\u2019 DI PAGAMENTO\u00a0<\/strong><\/p>\n<p>&nbsp;<\/p>\n<p>I prezzi di vendita indicati sul Sito sono espressi in euro (\u20ac) e comprensivi di IVA ma non includono le spese di consegna. Le spese di consegna sono sempre a carico dei Clienti e sono fatturate alla fine dell\u2019ordine come supplemento ai prodotti selezionati. CUTI Soc. Coop. \u2013 Panificio di Cuti\u00ae si riserva il diritto di modificare i prezzi in ogni momento, ma si impegna in ugual misura ad applicare i prezzi indicati sul Sito al momento dell\u2019effettuazione dell\u2019ordine. In caso di visualizzazione di un prezzo sbagliato e\/o manifestamente irrisorio, per qualsivoglia ragione (bug informatico, errore manuale, errore tecnico\u2026), l\u2019ordine sar\u00e0 annullato, anche in caso di convalida iniziale.<\/p>\n<p>Al Cliente \u00e8 consentito di scegliere una delle seguenti modalit\u00e0 di pagamento: Carta di Credito\/Prepagata, Paypal, Contrassegno oppure Bonifico Bancario Anticipato.<\/p>\n<p><strong>CARTA DI CREDITO<\/strong>\u00a0\u2013 Nel caso in cui si scelga \u201cCarta di Credito\/Prepegata\u201d come modalit\u00e0 di pagamento, contestualmente alla conclusione della transazione online, l\u2019istituto bancario di riferimento provveder\u00e0 ad autorizzare il solo impegno dell\u2019importo relativo all\u2019acquisto effettuato. CUTI Soc. Coop. \u2013 Panificio di Cuti\u00ae, non essendo preventivamente a conoscenza di una data certa di consegna del materiale ordinato, si riserva la facolt\u00e0 di addebitare la carta di credito il giorno successivo alla spedizione del materiale. Nel caso di ordini che contengano uno o pi\u00f9 prodotti a disponibilit\u00e0 Su Richiesta, a causa dei lunghi tempi di consegna e della scadenza dell\u2019autorizzazione della Carta di Credito, l\u2019addebito della carta di credito verr\u00e0 effettuata dopo la comunicazione al Cliente della data di prevista consegna e la relativa accettazione da parte del Cliente.<\/p>\n<p>\u2013 In caso di annullamento dell\u2019ordine, sia da parte del Cliente che nel caso di mancata accettazione dello stesso da parte di CUTI Soc. Coop. \u2013 Panificio di Cuti\u00ae, verr\u00e0 richiesto contestualmente da CUTI Soc. Coop. \u2013 Panificio di Cuti\u00ae l\u2019annullamento della transazione e lo svincolo dell\u2019importo impegnato. I tempi di svincolo, per alcuni tipologie di carte, dipendono esclusivamente dal sistema bancario e possono arrivare fino alla loro naturale scadenza (24\u00b0 giorno dalla data di autorizzazione). Una volta effettuato l\u2019annullamento della transazione, in nessun caso CUTI Soc. Coop. \u2013 Panificio di Cuti\u00ae pu\u00f2 essere ritenuta responsabile per eventuali danni, diretti o indiretti, provocati da ritardo nel mancato svincolo dell\u2019importo impegnato da parte del sistema bancario.<\/p>\n<p>\u2013 CUTI Soc. Coop. \u2013 Panificio di Cuti\u00ae si riserva la facolt\u00e0 di richiedere al Cliente informazioni integrative (ad es. numero di telefono fisso) o l\u2019invio di copia di documenti comprovanti la titolarit\u00e0 della Carta utilizzata. In mancanza della documentazione richiesta, CUTI Soc. Coop. \u2013 Panificio di Cuti\u00ae si riserva la facolt\u00e0 di non accettare l\u2019ordine.<\/p>\n<p>\u2013 In nessun momento della procedura di acquisto CUTI Soc. Coop. \u2013 Panificio di Cuti\u00ae \u00e8 in grado di conoscere le informazioni relative alla carta di credito dell\u2019acquirente, trasmesse tramite connessione protetta direttamente al sito dell\u2019istituto bancario che gestisce la transazione. Nessun archivio informatico di CUTI Soc. Coop. \u2013 Panificio di Cuti\u00ae conserver\u00e0 tali dati. In nessun caso CUTI Soc. Coop. \u2013 Panificio di Cuti\u00ae pu\u00f2 quindi essere ritenuta responsabile per eventuale uso fraudolento e indebito di carte di credito da parte di terzi, all\u2019atto del pagamento di prodotti acquisti sullo shop online di Panificio di Cuti.<\/p>\n<p><strong>PAYPAL<\/strong>\u00a0\u2013 Nei casi di acquisto della merce con modalit\u00e0 di pagamento PayPal, contestualmente alla conclusione della transazione online, PayPal provveder\u00e0 ad addebitare immediatamente l\u2019importo relativo all\u2019acquisto effettuato.<\/p>\n<p>\u2013 In caso di annullamento dell\u2019ordine, sia da parte del Cliente che nel caso di mancata accettazione dello stesso da parte di CUTI Soc. Coop. \u2013 Panificio di Cuti\u00ae, contestualmente all\u2019annullamento, l\u2019importo relativo alla merce annullata verr\u00e0 riaccreditato sul conto Paypal del Cliente. I tempi di riaccredito sullo strumento di pagamento prescelto all\u2019interno del conto Paypal dipendono esclusivamente da PayPal e dal sistema bancario. Una volta effettuato il riaccredito dell\u2019importo sul conto Paypal, in nessun caso CUTI Soc. Coop. \u2013 Panificio di Cuti\u00ae pu\u00f2 essere ritenuta responsabile per eventuali danni, diretti o indiretti, provocati da ritardi nell\u2019effettivo riaccredito dipendenti da Paypal o dal sistema bancario.<\/p>\n<p>\u2013 CUTI Soc. Coop. \u2013 Panificio di Cuti\u00ae si riserva la facolt\u00e0 di richiedere al Cliente informazioni integrative (ad es. numero di telefono fisso) atte a determinare l\u2019effettiva titolarit\u00e0 del conto PayPal. In mancanza della documentazione richiesta, CUTI Soc. Coop. \u2013 Panificio di Cuti\u00ae si riserva la facolt\u00e0 di non accettare l\u2019ordine.<\/p>\n<p>\u2013 In nessun momento della procedura di acquisto CUTI Soc. Coop. \u2013 Panificio di Cuti\u00ae \u00e8 in grado di conoscere le informazioni relative alla carta di credito dell\u2019acquirente o a altre modalit\u00e0 scelte all\u2019interno del wallet di PayPal. In nessun caso CUTI Soc. Coop. \u2013 Panificio di Cuti\u00ae pu\u00f2 quindi essere ritenuta responsabile per eventuale uso fraudolento e indebito di carte di credito da parte di terzi, all\u2019atto del pagamento di prodotti acquistati sullo shop online di Panificio di Cuti.<\/p>\n<p><strong>CONTRASSEGNO<\/strong>\u00a0\u2013 \u00a0In caso di pagamento in contrassegno, \u00e8 dovuto un contributo supplementare per la consegna. L\u2019esatto ammontare di tale contributo sar\u00e0 specificamente indicato nelle pagine del procedimento di acquisto, prima che l\u2019utente effettui la trasmissione dell\u2019ordine, e nella conferma d\u2019ordine. Il pagamento mediante contrassegno potr\u00e0 avvenire in contanti, fino a un massimo di euro 2.999,99, ovvero, per importi superiori, mediante assegno circolare da intestarsi come da e-mail che CUTI Soc. Coop. \u2013 Panificio di Cuti\u00ae invier\u00e0 all\u2019utente successivamente alla ricezione dell\u2019ordine.<\/p>\n<p><strong>BONIFICO BANCARIO ANTICIPATO<\/strong>\u00a0\u2013 Nel caso in cui venga scelto come metodo di pagamento \u201cBonifico Bancario\u201d, verranno fornite al Cliente tutte le istruzioni necessarie nella fase finale del Checkout. \u00c8 possibile accelerare i tempi di consegna, anticipando via mail a shop@panificiocuti.com la contabile dell\u2019avvenuto pagamento, permettendo cos\u00ec la preparazione dell\u2019ordine in uscita. Il pagamento tramite bonifico bancario anticipato prevede, in ogni caso e senza eccezioni, che l\u2019ordine sia evaso una volta ricevuto il bonifico di pagamento, e quindi alla data effettiva della valuta in conto corrente.<\/p>\n<p>\u2013 Gli ordini inoltrati e non pagati a mezzo bonifico entro cinque giorni lavorativi dalla data di ricezione vengono automaticamente annullati.<\/p>\n<p>\u2013 Se si effettua il pagamento tramite Bonifico Bancario, la fattura eventualmente richiesta per l\u2019ordine verr\u00e0 emessa e sar\u00e0 disponibile soltanto al momento dell\u2019effettivo accredito in conto corrente della somma dovuta.<\/p>\n<p>&nbsp;<\/p>\n<hr \/>\n<p>&nbsp;<\/p>\n<p><strong>SPEDIZIONE<\/strong><\/p>\n<p><strong>CONSEGNA DEI PRODOTTI E SPESE DI SPEDIZIONE<\/strong><\/p>\n<p>CUTI Soc. Coop. \u2013 Panificio di Cuti\u00ae pu\u00f2 evadere ordini solo con consegna all\u2019interno del territorio italiano.<\/p>\n<p>\u2013 CUTI Soc. Coop. \u2013 Panificio di Cuti\u00ae accetta gli ordini del Cliente nei limiti delle quantit\u00e0 dei prodotti richiesti esistenti a magazzino. Pertanto, la consegna dei prodotti indicati nella proposta d\u2019acquisto inoltrata dal Cliente \u00e8 subordinata alla disponibilit\u00e0 a magazzino dei prodotti stessi. CUTI Soc. Coop. \u2013 Panificio di Cuti\u00ae si impegna a comunicare tempestivamente al Cliente eventuali imprevedibili esaurimenti di scorte dovuti ad eccesso di domanda o ad altre cause. Ai fini di mantenere l\u2019efficienza del servizio e qualora si presentino le condizioni, CUTI Soc. Coop. \u2013 Panificio di Cuti\u00ae si riserva di utilizzare un Corriere Espresso differente da quello scelto dal Cliente al momento del perfezionamento dell\u2019ordine.<\/p>\n<p>\u2013 CUTI Soc. Coop. \u2013 Panificio di Cuti\u00ae consegna i prodotti all\u2019indirizzo indicato dal Cliente nei tempi previsti dai dettagli di spedizione tramite corriere o comunque entro 30 (trenta) giorni dalla conclusione del Contratto. Nessuna responsabilit\u00e0 pu\u00f2 essere imputata a CUTI Soc. Coop. \u2013 Panificio di Cuti\u00ae in caso di ritardo nell\u2019evasione dell\u2019ordine o nella consegna di quanto ordinato in caso di mancanze o inadempienze da parte del corriere di consegna. Altres\u00ec, CUTI Soc. Coop. \u2013 Panificio di Cuti\u00ae declina ogni responsabilit\u00e0 per il mancato recapito derivante da cause dipendenti da mancato ritiro, indirizzo errato o inserito in modo non completo o altre cause non dipendenti dalla nostra volont\u00e0.<\/p>\n<p><strong>SPESE DI CONSEGNA<\/strong>\u00a0\u2013 Le spese di consegna sono a carico del destinatario ed evidenziate esplicitamente al momento dell\u2019effettuazione dell\u2019ordine, fatte salve eventuali iniziative promozionali che prevedano consegna con spese a carico di CUTI Soc. Coop. \u2013 Panificio di Cuti\u00ae. Tali iniziative promozionali, se presenti, saranno riportate sul sito ed esemplificate chiaramente nelle modalit\u00e0 a seconda della promozione in corso di volta in volta. Il pagamento della merce da parte del Cliente avverr\u00e0 utilizzando la modalit\u00e0 scelta all\u2019atto dell\u2019ordine. Nulla \u00e8 dovuto in pi\u00f9 dal Cliente rispetto al totale dell\u2019ordine.<\/p>\n<p><strong>MODALITA\u2019 DI CONSEGNA<\/strong>\u00a0\u2013 La consegna delle merce si intende \u201cal piano strada\u201d salvo ulteriori indicazioni, quali:<\/p>\n<p>\u2013 diversa comunicazione all\u2019atto del perfezionamento dell\u2019ordine<\/p>\n<p>\u2013 eventuali modalit\u00e0 previste nella scheda tecnica del prodotto<\/p>\n<p>\u2013 l\u2019acquisto esplicito della consegna al piano, ove prevista<\/p>\n<p>Al momento della consegna della merce da parte del corriere, il Cliente \u00e8 invitato e comunque tenuto a controllare:<br \/>\na) che il numero dei colli effettivamente recapitati corrisponda a quello indicato nel documento di trasporto;<br \/>\nb) che l\u2019imballo dei colli risulti integro in ogni sua parte, non danneggiato, n\u00e9 compromesso da eventi atmosferici o comunque alterato.<\/p>\n<p><strong>Importante<\/strong>: l\u2019eventuale riscontro di danni all\u2019imballo e\/o al prodotto o la mancata corrispondenza del numero dei colli o delle indicazioni, devono essere immediatamente contestati, apponendo\u00a0<strong>riserva di controllo scritta<\/strong>\u00a0(<strong>specificando il motivo della riserva<\/strong>, es. \u201cimballo bucato\u201d, \u201cimballo schiacciato\u201d, ecc.) sulla prova di consegna del corriere. Una volta firmato il documento del corriere, il Cliente non potr\u00e0 opporre alcuna contestazione circa le caratteristiche esteriori di quanto consegnato. Eventuali problemi inerenti l\u2019integrit\u00e0 fisica, la corrispondenza o la completezza dei prodotti ricevuti devono essere segnalati entro 7 giorni dalla avvenuta consegna, secondo le modalit\u00e0 previste nel presente documento.<\/p>\n<p><strong>MANCATO RITIRO<\/strong>\u00a0\u2013 Nel caso di mancato ritiro entro 5 giorni lavorativi del materiale presente in giacenza presso i magazzini del corriere a causa di reiterata impossibilit\u00e0 di consegna al recapito indicato dal Cliente all\u2019atto dell\u2019ordine, quanto ordinato verr\u00e0 fatto rientrare presso i magazzini di CUTI Soc. Coop. \u2013 Panificio di Cuti\u00ae. Saranno presi accordi per la nuova evasione ed i relativi costi di spedizione aggiuntivi.[\/vc_column_text][\/vc_column][\/vc_row]<\/p>\n<\/section>","protected":false},"excerpt":{"rendered":"<p>[vc_row css=&#8221;.vc_custom_1551797816971{padding-top: 50px !important;padding-bottom: 100px !important;}&#8221;][vc_column][vc_column_text]MODALITA\u2019 DI PAGAMENTO\u00a0 &nbsp; I prezzi di vendita indicati sul Sito sono espressi in euro (\u20ac) e comprensivi di IVA ma non includono le spese di consegna. Le spese di consegna sono sempre a carico [&hellip;]<\/p>\n","protected":false},"author":1,"featured_media":0,"parent":0,"menu_order":0,"comment_status":"closed","ping_status":"closed","template":"","meta":{"footnotes":""},"yoast_head":"<!-- This site is optimized with the Yoast SEO plugin v23.1 - https:\/\/yoast.com\/wordpress\/plugins\/seo\/ -->\n<title>Shipping and payment - Panificio Cuti<\/title>\n<meta name=\"robots\" content=\"index, follow, max-snippet:-1, max-image-preview:large, max-video-preview:-1\" \/>\n<link rel=\"canonical\" href=\"https:\/\/panificiocuti.com\/en\/shipping-and-payment\/\" \/>\n<meta property=\"og:locale\" content=\"en_US\" \/>\n<meta property=\"og:type\" content=\"article\" \/>\n<meta property=\"og:title\" content=\"Shipping and payment - Panificio Cuti\" \/>\n<meta property=\"og:description\" content=\"[vc_row css=&#8221;.vc_custom_1551797816971{padding-top: 50px !important;padding-bottom: 100px !important;}&#8221;][vc_column][vc_column_text]MODALITA\u2019 DI PAGAMENTO\u00a0 &nbsp; I prezzi di vendita indicati sul Sito sono espressi in euro (\u20ac) e comprensivi di IVA ma non includono le spese di consegna. Le spese di consegna sono sempre a carico [&hellip;]\" \/>\n<meta property=\"og:url\" content=\"https:\/\/panificiocuti.com\/en\/shipping-and-payment\/\" \/>\n<meta property=\"og:site_name\" content=\"Panificio Cuti\" \/>\n<meta property=\"article:publisher\" content=\"https:\/\/www.facebook.com\/panificiocuti\" \/>\n<meta property=\"article:modified_time\" content=\"2021-01-18T17:42:31+00:00\" \/>\n<meta name=\"twitter:card\" content=\"summary_large_image\" \/>\n<meta name=\"twitter:label1\" content=\"Est. reading time\" \/>\n\t<meta name=\"twitter:data1\" content=\"8 minutes\" \/>\n<script type=\"application\/ld+json\" class=\"yoast-schema-graph\">{\"@context\":\"https:\/\/schema.org\",\"@graph\":[{\"@type\":\"WebPage\",\"@id\":\"https:\/\/panificiocuti.com\/en\/shipping-and-payment\/\",\"url\":\"https:\/\/panificiocuti.com\/en\/shipping-and-payment\/\",\"name\":\"Shipping and payment - Panificio Cuti\",\"isPartOf\":{\"@id\":\"https:\/\/panificiocuti.com\/#website\"},\"datePublished\":\"2018-12-21T09:53:44+00:00\",\"dateModified\":\"2021-01-18T17:42:31+00:00\",\"breadcrumb\":{\"@id\":\"https:\/\/panificiocuti.com\/en\/shipping-and-payment\/#breadcrumb\"},\"inLanguage\":\"en-US\",\"potentialAction\":[{\"@type\":\"ReadAction\",\"target\":[\"https:\/\/panificiocuti.com\/en\/shipping-and-payment\/\"]}]},{\"@type\":\"BreadcrumbList\",\"@id\":\"https:\/\/panificiocuti.com\/en\/shipping-and-payment\/#breadcrumb\",\"itemListElement\":[{\"@type\":\"ListItem\",\"position\":1,\"name\":\"Home\",\"item\":\"https:\/\/panificiocuti.com\/en\/\"},{\"@type\":\"ListItem\",\"position\":2,\"name\":\"Shipping and payment\"}]},{\"@type\":\"WebSite\",\"@id\":\"https:\/\/panificiocuti.com\/#website\",\"url\":\"https:\/\/panificiocuti.com\/\",\"name\":\"Panificio Cuti\",\"description\":\"Il rinomato pane di Rogliano\",\"publisher\":{\"@id\":\"https:\/\/panificiocuti.com\/#organization\"},\"potentialAction\":[{\"@type\":\"SearchAction\",\"target\":{\"@type\":\"EntryPoint\",\"urlTemplate\":\"https:\/\/panificiocuti.com\/?s={search_term_string}\"},\"query-input\":\"required name=search_term_string\"}],\"inLanguage\":\"en-US\"},{\"@type\":\"Organization\",\"@id\":\"https:\/\/panificiocuti.com\/#organization\",\"name\":\"Panificio Cuti\",\"url\":\"https:\/\/panificiocuti.com\/\",\"logo\":{\"@type\":\"ImageObject\",\"inLanguage\":\"en-US\",\"@id\":\"https:\/\/panificiocuti.com\/#\/schema\/logo\/image\/\",\"url\":\"https:\/\/panificiocuti.com\/wp-content\/uploads\/2019\/03\/avatar-pagina.png\",\"contentUrl\":\"https:\/\/panificiocuti.com\/wp-content\/uploads\/2019\/03\/avatar-pagina.png\",\"width\":1200,\"height\":1200,\"caption\":\"Panificio Cuti\"},\"image\":{\"@id\":\"https:\/\/panificiocuti.com\/#\/schema\/logo\/image\/\"},\"sameAs\":[\"https:\/\/www.facebook.com\/panificiocuti\",\"https:\/\/www.instagram.com\/panificiocuti\/\",\"https:\/\/www.linkedin.com\/company\/gruppo-cuti\/\"]}]}<\/script>\n<!-- \/ Yoast SEO plugin. -->","yoast_head_json":{"title":"Shipping and payment - Panificio Cuti","robots":{"index":"index","follow":"follow","max-snippet":"max-snippet:-1","max-image-preview":"max-image-preview:large","max-video-preview":"max-video-preview:-1"},"canonical":"https:\/\/panificiocuti.com\/en\/shipping-and-payment\/","og_locale":"en_US","og_type":"article","og_title":"Shipping and payment - Panificio Cuti","og_description":"[vc_row css=&#8221;.vc_custom_1551797816971{padding-top: 50px !important;padding-bottom: 100px !important;}&#8221;][vc_column][vc_column_text]MODALITA\u2019 DI PAGAMENTO\u00a0 &nbsp; I prezzi di vendita indicati sul Sito sono espressi in euro (\u20ac) e comprensivi di IVA ma non includono le spese di consegna. Le spese di consegna sono sempre a carico [&hellip;]","og_url":"https:\/\/panificiocuti.com\/en\/shipping-and-payment\/","og_site_name":"Panificio Cuti","article_publisher":"https:\/\/www.facebook.com\/panificiocuti","article_modified_time":"2021-01-18T17:42:31+00:00","twitter_card":"summary_large_image","twitter_misc":{"Est. reading time":"8 minutes"},"schema":{"@context":"https:\/\/schema.org","@graph":[{"@type":"WebPage","@id":"https:\/\/panificiocuti.com\/en\/shipping-and-payment\/","url":"https:\/\/panificiocuti.com\/en\/shipping-and-payment\/","name":"Shipping and payment - Panificio Cuti","isPartOf":{"@id":"https:\/\/panificiocuti.com\/#website"},"datePublished":"2018-12-21T09:53:44+00:00","dateModified":"2021-01-18T17:42:31+00:00","breadcrumb":{"@id":"https:\/\/panificiocuti.com\/en\/shipping-and-payment\/#breadcrumb"},"inLanguage":"en-US","potentialAction":[{"@type":"ReadAction","target":["https:\/\/panificiocuti.com\/en\/shipping-and-payment\/"]}]},{"@type":"BreadcrumbList","@id":"https:\/\/panificiocuti.com\/en\/shipping-and-payment\/#breadcrumb","itemListElement":[{"@type":"ListItem","position":1,"name":"Home","item":"https:\/\/panificiocuti.com\/en\/"},{"@type":"ListItem","position":2,"name":"Shipping and payment"}]},{"@type":"WebSite","@id":"https:\/\/panificiocuti.com\/#website","url":"https:\/\/panificiocuti.com\/","name":"Panificio Cuti","description":"Il rinomato pane di Rogliano","publisher":{"@id":"https:\/\/panificiocuti.com\/#organization"},"potentialAction":[{"@type":"SearchAction","target":{"@type":"EntryPoint","urlTemplate":"https:\/\/panificiocuti.com\/?s={search_term_string}"},"query-input":"required name=search_term_string"}],"inLanguage":"en-US"},{"@type":"Organization","@id":"https:\/\/panificiocuti.com\/#organization","name":"Panificio Cuti","url":"https:\/\/panificiocuti.com\/","logo":{"@type":"ImageObject","inLanguage":"en-US","@id":"https:\/\/panificiocuti.com\/#\/schema\/logo\/image\/","url":"https:\/\/panificiocuti.com\/wp-content\/uploads\/2019\/03\/avatar-pagina.png","contentUrl":"https:\/\/panificiocuti.com\/wp-content\/uploads\/2019\/03\/avatar-pagina.png","width":1200,"height":1200,"caption":"Panificio Cuti"},"image":{"@id":"https:\/\/panificiocuti.com\/#\/schema\/logo\/image\/"},"sameAs":["https:\/\/www.facebook.com\/panificiocuti","https:\/\/www.instagram.com\/panificiocuti\/","https:\/\/www.linkedin.com\/company\/gruppo-cuti\/"]}]}},"_links":{"self":[{"href":"https:\/\/panificiocuti.com\/en\/wp-json\/wp\/v2\/pages\/11748"}],"collection":[{"href":"https:\/\/panificiocuti.com\/en\/wp-json\/wp\/v2\/pages"}],"about":[{"href":"https:\/\/panificiocuti.com\/en\/wp-json\/wp\/v2\/types\/page"}],"author":[{"embeddable":true,"href":"https:\/\/panificiocuti.com\/en\/wp-json\/wp\/v2\/users\/1"}],"replies":[{"embeddable":true,"href":"https:\/\/panificiocuti.com\/en\/wp-json\/wp\/v2\/comments?post=11748"}],"version-history":[{"count":3,"href":"https:\/\/panificiocuti.com\/en\/wp-json\/wp\/v2\/pages\/11748\/revisions"}],"predecessor-version":[{"id":12791,"href":"https:\/\/panificiocuti.com\/en\/wp-json\/wp\/v2\/pages\/11748\/revisions\/12791"}],"wp:attachment":[{"href":"https:\/\/panificiocuti.com\/en\/wp-json\/wp\/v2\/media?parent=11748"}],"curies":[{"name":"wp","href":"https:\/\/api.w.org\/{rel}","templated":true}]}}